{"id":5785,"date":"2023-05-09T18:19:11","date_gmt":"2023-05-09T18:19:11","guid":{"rendered":"https:\/\/gapido-pack.at\/?page_id=5785"},"modified":"2024-03-26T10:48:07","modified_gmt":"2024-03-26T10:48:07","slug":"impressum","status":"publish","type":"page","link":"https:\/\/gapido-pack.at\/index.php\/impressum\/","title":{"rendered":"Impressum"},"content":{"rendered":"\t\t<div data-elementor-type=\"wp-page\" data-elementor-id=\"5785\" class=\"elementor elementor-5785\">\n\t\t\t\t\t\t\t\t\t<section class=\"elementor-section elementor-top-section elementor-element elementor-element-3440dd8f elementor-section-boxed elementor-section-height-default elementor-section-height-default\" data-id=\"3440dd8f\" data-element_type=\"section\">\n\t\t\t\t\t\t<div class=\"elementor-container elementor-column-gap-default\">\n\t\t\t\t\t<div class=\"elementor-column elementor-col-100 elementor-top-column elementor-element elementor-element-2f77a6e9\" data-id=\"2f77a6e9\" data-element_type=\"column\">\n\t\t\t<div class=\"elementor-widget-wrap elementor-element-populated\">\n\t\t\t\t\t\t\t\t<div class=\"elementor-element elementor-element-10a45c3b elementor-widget elementor-widget-text-editor\" data-id=\"10a45c3b\" data-element_type=\"widget\" data-widget_type=\"text-editor.default\">\n\t\t\t\t<div class=\"elementor-widget-container\">\n\t\t\t<style>\/*! elementor - v3.13.0 - 08-05-2023 *\/\n.elementor-widget-text-editor.elementor-drop-cap-view-stacked .elementor-drop-cap{background-color:#69727d;color:#fff}.elementor-widget-text-editor.elementor-drop-cap-view-framed .elementor-drop-cap{color:#69727d;border:3px solid;background-color:transparent}.elementor-widget-text-editor:not(.elementor-drop-cap-view-default) .elementor-drop-cap{margin-top:8px}.elementor-widget-text-editor:not(.elementor-drop-cap-view-default) .elementor-drop-cap-letter{width:1em;height:1em}.elementor-widget-text-editor .elementor-drop-cap{float:left;text-align:center;line-height:1;font-size:50px}.elementor-widget-text-editor .elementor-drop-cap-letter{display:inline-block}<\/style>\t\t\t\t<p><!-- wp:heading --><\/p>\n<h2 class=\"wp-block-heading\">Betreiber der Seite und f\u00fcr den Inhalt <br>verantwortlich<\/h2>\n<p><!-- \/wp:heading --><!-- wp:paragraph --><\/p>\n<p><strong>Adresse:<\/strong> Wagramer strasse 22\/3<br>&nbsp; 1220&nbsp; Wien<\/p>\n<p><!-- \/wp:paragraph --><!-- wp:paragraph --><\/p>\n<p><strong>E-Mail:<\/strong> office@gapido-pack.at<\/p>\n<p><!-- \/wp:paragraph --><!-- wp:paragraph --><\/p>\n<p><strong>Telefon:<\/strong> +43 660 166 75 08<\/p>\n<p><b>UID:<\/b> ATU79189637<\/p>\n<p><!-- \/wp:paragraph --><!-- wp:paragraph --><\/p>\n<p>Firmenbuchnummer:FN 597212 d<\/p>\n<p>Gesch\u00e4ftsf\u00fchrer: Herr G\u00fcnes, Tolga Salih<br>Firmenbuchgericht Handelsgericht Wien<\/p>\n<p><!-- \/wp:paragraph --><!-- wp:paragraph --><\/p>\n<p><strong>Firmensitz:<\/strong>&nbsp;Wien<\/p>\n<p><!-- \/wp:paragraph --><!-- wp:paragraph --><\/p>\n<p><strong>Rechtsform:<\/strong>&nbsp;Einzelunternehmen<\/p>\n<p><!-- \/wp:paragraph --><!-- wp:paragraph --><\/p>\n<p><strong>Beh\u00f6rde gem. ECG:<\/strong>&nbsp;Magistratisches Bezirksamt des XVII. Bezirkes<br>\u00d6sterreichische Gewerbeordnung (GewO)<br>http:\/\/www.ris.bka.gv.at<\/p>\n<p><!-- \/wp:paragraph --><!-- wp:heading --><\/p>\n<h2 class=\"wp-block-heading\">Haftungshinweis<\/h2>\n<p><!-- \/wp:heading --><!-- wp:paragraph --><\/p>\n<p>Trotz sorgf\u00e4ltiger inhaltlicher Kontrolle \u00fcbernehmen wir keine Haftung f\u00fcr die Inhalte externer Links.<\/p>\n<p><!-- \/wp:paragraph --><!-- wp:paragraph --><\/p>\n<p>F\u00fcr den Inhalt der verlinkten Seiten sind ausschlie\u00dflich deren Betreiber verantwortlich.<\/p>\n<p><!-- \/wp:paragraph --><!-- wp:heading --><\/p>\n<h2 class=\"wp-block-heading\">Nutzungsrechte<\/h2>\n<p><!-- \/wp:heading --><!-- wp:paragraph --><\/p>\n<p>Die Inhalte dieser Website sind Eigentum von your-solutionist e.U. bzw. von deren Partnern und sind urheberrechtlich gesch\u00fctzt.<\/p>\n<p><!-- \/wp:paragraph --><!-- wp:heading --><\/p>\n<h2 class=\"wp-block-heading\">Internetauftritt<\/h2>\n<p><!-- \/wp:heading --><!-- wp:paragraph --><\/p>\n<p>Im Hinblick auf die technischen Eigenschaften des Internet kann keine Gew\u00e4hr f\u00fcr die Authentizit\u00e4t, Richtigkeit und Vollst\u00e4ndigkeit der im Internet auf den Internetseiten der Agentur zur Verf\u00fcgung gestellten Informationen \u00fcbernommen werden. Es wird auch keine Gew\u00e4hr f\u00fcr die Verf\u00fcgbarkeit oder den Betrieb der gegenst\u00e4ndlichen Homepage und ihrer Inhalte \u00fcbernommen. Jede Haftung f\u00fcr unmittelbare, mittelbare oder sonstige Sch\u00e4den, unabh\u00e4ngig von deren Ursachen, die aus der Benutzung oder Nichtverf\u00fcgbarkeit der Daten und Informationen dieser Homepage erwachsen, wird, soweit rechtlich zul\u00e4ssig, ausgeschlossen. Der Inhalt dieser Homepages ist urheberrechtlich gesch\u00fctzt.<\/p>\n<p><!-- \/wp:paragraph --><!-- wp:paragraph --><\/p>\n<p>Die Informationen sind nur f\u00fcr die pers\u00f6nliche Verwendung bestimmt. Jede weitergehende Nutzung insbesondere die Speicherung in Datenbanken, Vervielf\u00e4ltigung und jede Form von gewerblicher Nutzung sowie die Weitergabe an Dritte \u2013 auch in Teilen oder in \u00fcberarbeiteter Form \u2013 ohne Zustimmung des Website-Inhabers ist untersagt. Dieses Internetauftritte der Agentur enthalt Links zu externen Webseiten Dritter, auf deren Inhalte wir keinen Einfluss haben.<\/p>\n<p><!-- \/wp:paragraph --><!-- wp:paragraph --><\/p>\n<p>Deshalb kann die Agentur f\u00fcr diese fremden Inhalte auch keine Gew\u00e4hr \u00fcbernehmen. F\u00fcr die Inhalte der verlinkten Seiten ist stets der jeweilige Anbieter oder Betreiber der Seiten verantwortlich. Die verlinkten Seiten wurden zum Zeitpunkt der Verlinkung auf m\u00f6gliche Rechtsverst\u00f6\u00dfe \u00fcberpr\u00fcft. Rechtswidrige Inhalte waren zum Zeitpunkt der Verlinkung nicht erkennbar.<\/p>\n<p><!-- \/wp:paragraph --><!-- wp:paragraph --><\/p>\n<p>Eine permanente inhaltliche Kontrolle der verlinkten Seiten ist jedoch ohne konkrete Anhaltspunkte einer Rechtsverletzung nicht zumutbar. Bei bekannt werden von Rechtsverletzungen werden wir derartige Links umgehend entfernen.<\/p>\n<p><!-- \/wp:paragraph --><\/p>\t\t\t\t\t\t<\/div>\n\t\t\t\t<\/div>\n\t\t\t\t\t<\/div>\n\t\t<\/div>\n\t\t\t\t\t\t\t<\/div>\n\t\t<\/section>\n\t\t\t\t\t\t\t<\/div>\n\t\t","protected":false},"excerpt":{"rendered":"<p>Betreiber der Seite und f\u00fcr den Inhalt verantwortlich Adresse: Wagramer strasse 22\/3&nbsp; 1220&nbsp; Wien E-Mail: office@gapido-pack.at Telefon: +43 660 166 75 08 UID: ATU79189637 Firmenbuchnummer:FN 597212 d Gesch\u00e4ftsf\u00fchrer: Herr G\u00fcnes, Tolga SalihFirmenbuchgericht Handelsgericht Wien Firmensitz:&nbsp;Wien Rechtsform:&nbsp;Einzelunternehmen Beh\u00f6rde gem. ECG:&nbsp;Magistratisches Bezirksamt des XVII. Bezirkes\u00d6sterreichische Gewerbeordnung (GewO)http:\/\/www.ris.bka.gv.at Haftungshinweis Trotz sorgf\u00e4ltiger inhaltlicher Kontrolle \u00fcbernehmen wir keine Haftung f\u00fcr &hellip;<\/p>\n<p class=\"read-more\"> <a class=\"\" href=\"https:\/\/gapido-pack.at\/index.php\/impressum\/\"> <span class=\"screen-reader-text\">Impressum<\/span> Read More &raquo;<\/a><\/p>\n","protected":false},"author":1,"featured_media":0,"parent":0,"menu_order":0,"comment_status":"closed","ping_status":"closed","template":"","meta":{"site-sidebar-layout":"default","site-content-layout":"default","ast-global-header-display":"","ast-main-header-display":"","ast-hfb-above-header-display":"","ast-hfb-below-header-display":"","ast-hfb-mobile-header-display":"","site-post-title":"","ast-breadcrumbs-content":"","ast-featured-img":"","footer-sml-layout":"","theme-transparent-header-meta":"","adv-header-id-meta":"","stick-header-meta":"","header-above-stick-meta":"","header-main-stick-meta":"","header-below-stick-meta":"","footnotes":""},"yoast_head":"<!-- This site is optimized with the Yoast SEO plugin v20.7 - https:\/\/yoast.com\/wordpress\/plugins\/seo\/ -->\n<title>Impressum - Verpackung<\/title>\n<meta name=\"robots\" content=\"index, follow, max-snippet:-1, max-image-preview:large, max-video-preview:-1\" \/>\n<link rel=\"canonical\" href=\"https:\/\/gapido-pack.at\/index.php\/impressum\/\" \/>\n<meta property=\"og:locale\" content=\"de_DE\" \/>\n<meta property=\"og:type\" content=\"article\" \/>\n<meta property=\"og:title\" content=\"Impressum - Verpackung\" \/>\n<meta property=\"og:description\" content=\"Betreiber der Seite und f\u00fcr den Inhalt verantwortlich Adresse: Wagramer strasse 22\/3&nbsp; 1220&nbsp; Wien E-Mail: office@gapido-pack.at Telefon: +43 660 166 75 08 UID: ATU79189637 Firmenbuchnummer:FN 597212 d Gesch\u00e4ftsf\u00fchrer: Herr G\u00fcnes, Tolga SalihFirmenbuchgericht Handelsgericht Wien Firmensitz:&nbsp;Wien Rechtsform:&nbsp;Einzelunternehmen Beh\u00f6rde gem. ECG:&nbsp;Magistratisches Bezirksamt des XVII. Bezirkes\u00d6sterreichische Gewerbeordnung (GewO)http:\/\/www.ris.bka.gv.at Haftungshinweis Trotz sorgf\u00e4ltiger inhaltlicher Kontrolle \u00fcbernehmen wir keine Haftung f\u00fcr &hellip; Impressum Read More &raquo;\" \/>\n<meta property=\"og:url\" content=\"https:\/\/gapido-pack.at\/index.php\/impressum\/\" \/>\n<meta property=\"og:site_name\" content=\"Verpackung\" \/>\n<meta property=\"article:modified_time\" content=\"2024-03-26T10:48:07+00:00\" \/>\n<meta name=\"twitter:card\" content=\"summary_large_image\" \/>\n<meta name=\"twitter:label1\" content=\"Gesch\u00e4tzte Lesezeit\" \/>\n\t<meta name=\"twitter:data1\" content=\"2 Minuten\" \/>\n<script type=\"application\/ld+json\" class=\"yoast-schema-graph\">{\"@context\":\"https:\/\/schema.org\",\"@graph\":[{\"@type\":\"WebPage\",\"@id\":\"https:\/\/gapido-pack.at\/index.php\/impressum\/\",\"url\":\"https:\/\/gapido-pack.at\/index.php\/impressum\/\",\"name\":\"Impressum - Verpackung\",\"isPartOf\":{\"@id\":\"https:\/\/gapido-pack.at\/#website\"},\"datePublished\":\"2023-05-09T18:19:11+00:00\",\"dateModified\":\"2024-03-26T10:48:07+00:00\",\"breadcrumb\":{\"@id\":\"https:\/\/gapido-pack.at\/index.php\/impressum\/#breadcrumb\"},\"inLanguage\":\"de-AT\",\"potentialAction\":[{\"@type\":\"ReadAction\",\"target\":[\"https:\/\/gapido-pack.at\/index.php\/impressum\/\"]}]},{\"@type\":\"BreadcrumbList\",\"@id\":\"https:\/\/gapido-pack.at\/index.php\/impressum\/#breadcrumb\",\"itemListElement\":[{\"@type\":\"ListItem\",\"position\":1,\"name\":\"Startseite\",\"item\":\"https:\/\/gapido-pack.at\/\"},{\"@type\":\"ListItem\",\"position\":2,\"name\":\"Impressum\"}]},{\"@type\":\"WebSite\",\"@id\":\"https:\/\/gapido-pack.at\/#website\",\"url\":\"https:\/\/gapido-pack.at\/\",\"name\":\"Verpackung\",\"description\":\"Stilvoll verpackt, erfolgreich pr\u00e4sentiert.\",\"publisher\":{\"@id\":\"https:\/\/gapido-pack.at\/#organization\"},\"potentialAction\":[{\"@type\":\"SearchAction\",\"target\":{\"@type\":\"EntryPoint\",\"urlTemplate\":\"https:\/\/gapido-pack.at\/?s={search_term_string}\"},\"query-input\":\"required name=search_term_string\"}],\"inLanguage\":\"de-AT\"},{\"@type\":\"Organization\",\"@id\":\"https:\/\/gapido-pack.at\/#organization\",\"name\":\"Verpackung\",\"url\":\"https:\/\/gapido-pack.at\/\",\"logo\":{\"@type\":\"ImageObject\",\"inLanguage\":\"de-AT\",\"@id\":\"https:\/\/gapido-pack.at\/#\/schema\/logo\/image\/\",\"url\":\"https:\/\/gapido-pack.at\/wp-content\/uploads\/2023\/05\/Design-ohne-Titel-40.png\",\"contentUrl\":\"https:\/\/gapido-pack.at\/wp-content\/uploads\/2023\/05\/Design-ohne-Titel-40.png\",\"width\":500,\"height\":500,\"caption\":\"Verpackung\"},\"image\":{\"@id\":\"https:\/\/gapido-pack.at\/#\/schema\/logo\/image\/\"}}]}<\/script>\n<!-- \/ Yoast SEO plugin. -->","yoast_head_json":{"title":"Impressum - Verpackung","robots":{"index":"index","follow":"follow","max-snippet":"max-snippet:-1","max-image-preview":"max-image-preview:large","max-video-preview":"max-video-preview:-1"},"canonical":"https:\/\/gapido-pack.at\/index.php\/impressum\/","og_locale":"de_DE","og_type":"article","og_title":"Impressum - Verpackung","og_description":"Betreiber der Seite und f\u00fcr den Inhalt verantwortlich Adresse: Wagramer strasse 22\/3&nbsp; 1220&nbsp; Wien E-Mail: office@gapido-pack.at Telefon: +43 660 166 75 08 UID: ATU79189637 Firmenbuchnummer:FN 597212 d Gesch\u00e4ftsf\u00fchrer: Herr G\u00fcnes, Tolga SalihFirmenbuchgericht Handelsgericht Wien Firmensitz:&nbsp;Wien Rechtsform:&nbsp;Einzelunternehmen Beh\u00f6rde gem. ECG:&nbsp;Magistratisches Bezirksamt des XVII. Bezirkes\u00d6sterreichische Gewerbeordnung (GewO)http:\/\/www.ris.bka.gv.at Haftungshinweis Trotz sorgf\u00e4ltiger inhaltlicher Kontrolle \u00fcbernehmen wir keine Haftung f\u00fcr &hellip; Impressum Read More &raquo;","og_url":"https:\/\/gapido-pack.at\/index.php\/impressum\/","og_site_name":"Verpackung","article_modified_time":"2024-03-26T10:48:07+00:00","twitter_card":"summary_large_image","twitter_misc":{"Gesch\u00e4tzte Lesezeit":"2 Minuten"},"schema":{"@context":"https:\/\/schema.org","@graph":[{"@type":"WebPage","@id":"https:\/\/gapido-pack.at\/index.php\/impressum\/","url":"https:\/\/gapido-pack.at\/index.php\/impressum\/","name":"Impressum - Verpackung","isPartOf":{"@id":"https:\/\/gapido-pack.at\/#website"},"datePublished":"2023-05-09T18:19:11+00:00","dateModified":"2024-03-26T10:48:07+00:00","breadcrumb":{"@id":"https:\/\/gapido-pack.at\/index.php\/impressum\/#breadcrumb"},"inLanguage":"de-AT","potentialAction":[{"@type":"ReadAction","target":["https:\/\/gapido-pack.at\/index.php\/impressum\/"]}]},{"@type":"BreadcrumbList","@id":"https:\/\/gapido-pack.at\/index.php\/impressum\/#breadcrumb","itemListElement":[{"@type":"ListItem","position":1,"name":"Startseite","item":"https:\/\/gapido-pack.at\/"},{"@type":"ListItem","position":2,"name":"Impressum"}]},{"@type":"WebSite","@id":"https:\/\/gapido-pack.at\/#website","url":"https:\/\/gapido-pack.at\/","name":"Verpackung","description":"Stilvoll verpackt, erfolgreich pr\u00e4sentiert.","publisher":{"@id":"https:\/\/gapido-pack.at\/#organization"},"potentialAction":[{"@type":"SearchAction","target":{"@type":"EntryPoint","urlTemplate":"https:\/\/gapido-pack.at\/?s={search_term_string}"},"query-input":"required name=search_term_string"}],"inLanguage":"de-AT"},{"@type":"Organization","@id":"https:\/\/gapido-pack.at\/#organization","name":"Verpackung","url":"https:\/\/gapido-pack.at\/","logo":{"@type":"ImageObject","inLanguage":"de-AT","@id":"https:\/\/gapido-pack.at\/#\/schema\/logo\/image\/","url":"https:\/\/gapido-pack.at\/wp-content\/uploads\/2023\/05\/Design-ohne-Titel-40.png","contentUrl":"https:\/\/gapido-pack.at\/wp-content\/uploads\/2023\/05\/Design-ohne-Titel-40.png","width":500,"height":500,"caption":"Verpackung"},"image":{"@id":"https:\/\/gapido-pack.at\/#\/schema\/logo\/image\/"}}]}},"_links":{"self":[{"href":"https:\/\/gapido-pack.at\/index.php\/wp-json\/wp\/v2\/pages\/5785"}],"collection":[{"href":"https:\/\/gapido-pack.at\/index.php\/wp-json\/wp\/v2\/pages"}],"about":[{"href":"https:\/\/gapido-pack.at\/index.php\/wp-json\/wp\/v2\/types\/page"}],"author":[{"embeddable":true,"href":"https:\/\/gapido-pack.at\/index.php\/wp-json\/wp\/v2\/users\/1"}],"replies":[{"embeddable":true,"href":"https:\/\/gapido-pack.at\/index.php\/wp-json\/wp\/v2\/comments?post=5785"}],"version-history":[{"count":20,"href":"https:\/\/gapido-pack.at\/index.php\/wp-json\/wp\/v2\/pages\/5785\/revisions"}],"predecessor-version":[{"id":5838,"href":"https:\/\/gapido-pack.at\/index.php\/wp-json\/wp\/v2\/pages\/5785\/revisions\/5838"}],"wp:attachment":[{"href":"https:\/\/gapido-pack.at\/index.php\/wp-json\/wp\/v2\/media?parent=5785"}],"curies":[{"name":"wp","href":"https:\/\/api.w.org\/{rel}","templated":true}]}}