{"id":5711,"date":"2023-05-09T08:40:06","date_gmt":"2023-05-09T08:40:06","guid":{"rendered":"https:\/\/gapido-pack.at\/?post_type=product&#038;p=5711"},"modified":"2023-05-09T08:40:55","modified_gmt":"2023-05-09T08:40:55","slug":"ruehrstaebchen-weiss","status":"publish","type":"product","link":"https:\/\/gapido-pack.at\/index.php\/product\/ruehrstaebchen-weiss\/","title":{"rendered":"R\u00fchrst\u00e4bchen, wei\u00df"},"content":{"rendered":"<h3 class=\"vc_custom_heading\"><span style=\"font-size: 16px;\">Art-Nr. 299<\/span><\/h3>\n<div class=\"wpb_text_column wpb_content_element \">\n<div class=\"wpb_wrapper\">\n<p>Ruhreist\u00e4bchen, wei\u00df<br \/>\n1000 St\u00fcck<\/p>\n<\/div>\n<\/div>\n","protected":false},"excerpt":{"rendered":"<p>Art-Nr. 299 Ruhreist\u00e4bchen, wei\u00df 1000 St\u00fcck<\/p>\n","protected":false},"featured_media":5712,"comment_status":"open","ping_status":"closed","template":"","meta":{"site-sidebar-layout":"default","site-content-layout":"default","ast-global-header-display":"","ast-main-header-display":"","ast-hfb-above-header-display":"","ast-hfb-below-header-display":"","ast-hfb-mobile-header-display":"","site-post-title":"","ast-breadcrumbs-content":"","ast-featured-img":"","footer-sml-layout":"","theme-transparent-header-meta":"default","adv-header-id-meta":"","stick-header-meta":"","header-above-stick-meta":"","header-main-stick-meta":"","header-below-stick-meta":""},"product_cat":[33],"product_tag":[],"yoast_head":"<!-- This site is optimized with the Yoast SEO plugin v20.7 - https:\/\/yoast.com\/wordpress\/plugins\/seo\/ -->\n<title>R\u00fchrst\u00e4bchen, wei\u00df - Verpackung<\/title>\n<meta name=\"robots\" content=\"index, follow, max-snippet:-1, max-image-preview:large, max-video-preview:-1\" \/>\n<link rel=\"canonical\" href=\"https:\/\/gapido-pack.at\/index.php\/product\/ruehrstaebchen-weiss\/\" \/>\n<meta property=\"og:locale\" content=\"de_DE\" \/>\n<meta property=\"og:type\" content=\"article\" \/>\n<meta property=\"og:title\" content=\"R\u00fchrst\u00e4bchen, wei\u00df - Verpackung\" \/>\n<meta property=\"og:description\" content=\"Art-Nr. 299 Ruhreist\u00e4bchen, wei\u00df 1000 St\u00fcck\" \/>\n<meta property=\"og:url\" content=\"https:\/\/gapido-pack.at\/index.php\/product\/ruehrstaebchen-weiss\/\" \/>\n<meta property=\"og:site_name\" content=\"Verpackung\" \/>\n<meta property=\"article:modified_time\" content=\"2023-05-09T08:40:55+00:00\" \/>\n<meta property=\"og:image\" content=\"https:\/\/gapido-pack.at\/wp-content\/uploads\/2023\/05\/papier-kunststoffprodukte-299-300x180-1.jpg\" \/>\n\t<meta property=\"og:image:width\" content=\"300\" \/>\n\t<meta property=\"og:image:height\" content=\"180\" \/>\n\t<meta property=\"og:image:type\" content=\"image\/jpeg\" \/>\n<meta name=\"twitter:card\" content=\"summary_large_image\" \/>\n<script type=\"application\/ld+json\" class=\"yoast-schema-graph\">{\"@context\":\"https:\/\/schema.org\",\"@graph\":[{\"@type\":\"WebPage\",\"@id\":\"https:\/\/gapido-pack.at\/index.php\/product\/ruehrstaebchen-weiss\/\",\"url\":\"https:\/\/gapido-pack.at\/index.php\/product\/ruehrstaebchen-weiss\/\",\"name\":\"R\u00fchrst\u00e4bchen, wei\u00df - Verpackung\",\"isPartOf\":{\"@id\":\"https:\/\/gapido-pack.at\/#website\"},\"datePublished\":\"2023-05-09T08:40:06+00:00\",\"dateModified\":\"2023-05-09T08:40:55+00:00\",\"breadcrumb\":{\"@id\":\"https:\/\/gapido-pack.at\/index.php\/product\/ruehrstaebchen-weiss\/#breadcrumb\"},\"inLanguage\":\"de-AT\",\"potentialAction\":[{\"@type\":\"ReadAction\",\"target\":[\"https:\/\/gapido-pack.at\/index.php\/product\/ruehrstaebchen-weiss\/\"]}]},{\"@type\":\"BreadcrumbList\",\"@id\":\"https:\/\/gapido-pack.at\/index.php\/product\/ruehrstaebchen-weiss\/#breadcrumb\",\"itemListElement\":[{\"@type\":\"ListItem\",\"position\":1,\"name\":\"Startseite\",\"item\":\"https:\/\/gapido-pack.at\/\"},{\"@type\":\"ListItem\",\"position\":2,\"name\":\"Alle produkte\",\"item\":\"https:\/\/gapido-pack.at\/index.php\/alle-produkte\/\"},{\"@type\":\"ListItem\",\"position\":3,\"name\":\"R\u00fchrst\u00e4bchen, wei\u00df\"}]},{\"@type\":\"WebSite\",\"@id\":\"https:\/\/gapido-pack.at\/#website\",\"url\":\"https:\/\/gapido-pack.at\/\",\"name\":\"Verpackung\",\"description\":\"Stilvoll verpackt, erfolgreich pr\u00e4sentiert.\",\"publisher\":{\"@id\":\"https:\/\/gapido-pack.at\/#organization\"},\"potentialAction\":[{\"@type\":\"SearchAction\",\"target\":{\"@type\":\"EntryPoint\",\"urlTemplate\":\"https:\/\/gapido-pack.at\/?s={search_term_string}\"},\"query-input\":\"required name=search_term_string\"}],\"inLanguage\":\"de-AT\"},{\"@type\":\"Organization\",\"@id\":\"https:\/\/gapido-pack.at\/#organization\",\"name\":\"Verpackung\",\"url\":\"https:\/\/gapido-pack.at\/\",\"logo\":{\"@type\":\"ImageObject\",\"inLanguage\":\"de-AT\",\"@id\":\"https:\/\/gapido-pack.at\/#\/schema\/logo\/image\/\",\"url\":\"https:\/\/gapido-pack.at\/wp-content\/uploads\/2023\/05\/Design-ohne-Titel-40.png\",\"contentUrl\":\"https:\/\/gapido-pack.at\/wp-content\/uploads\/2023\/05\/Design-ohne-Titel-40.png\",\"width\":500,\"height\":500,\"caption\":\"Verpackung\"},\"image\":{\"@id\":\"https:\/\/gapido-pack.at\/#\/schema\/logo\/image\/\"}}]}<\/script>\n<!-- \/ Yoast SEO plugin. -->","yoast_head_json":{"title":"R\u00fchrst\u00e4bchen, wei\u00df - Verpackung","robots":{"index":"index","follow":"follow","max-snippet":"max-snippet:-1","max-image-preview":"max-image-preview:large","max-video-preview":"max-video-preview:-1"},"canonical":"https:\/\/gapido-pack.at\/index.php\/product\/ruehrstaebchen-weiss\/","og_locale":"de_DE","og_type":"article","og_title":"R\u00fchrst\u00e4bchen, wei\u00df - Verpackung","og_description":"Art-Nr. 299 Ruhreist\u00e4bchen, wei\u00df 1000 St\u00fcck","og_url":"https:\/\/gapido-pack.at\/index.php\/product\/ruehrstaebchen-weiss\/","og_site_name":"Verpackung","article_modified_time":"2023-05-09T08:40:55+00:00","og_image":[{"width":300,"height":180,"url":"https:\/\/gapido-pack.at\/wp-content\/uploads\/2023\/05\/papier-kunststoffprodukte-299-300x180-1.jpg","type":"image\/jpeg"}],"twitter_card":"summary_large_image","schema":{"@context":"https:\/\/schema.org","@graph":[{"@type":"WebPage","@id":"https:\/\/gapido-pack.at\/index.php\/product\/ruehrstaebchen-weiss\/","url":"https:\/\/gapido-pack.at\/index.php\/product\/ruehrstaebchen-weiss\/","name":"R\u00fchrst\u00e4bchen, wei\u00df - Verpackung","isPartOf":{"@id":"https:\/\/gapido-pack.at\/#website"},"datePublished":"2023-05-09T08:40:06+00:00","dateModified":"2023-05-09T08:40:55+00:00","breadcrumb":{"@id":"https:\/\/gapido-pack.at\/index.php\/product\/ruehrstaebchen-weiss\/#breadcrumb"},"inLanguage":"de-AT","potentialAction":[{"@type":"ReadAction","target":["https:\/\/gapido-pack.at\/index.php\/product\/ruehrstaebchen-weiss\/"]}]},{"@type":"BreadcrumbList","@id":"https:\/\/gapido-pack.at\/index.php\/product\/ruehrstaebchen-weiss\/#breadcrumb","itemListElement":[{"@type":"ListItem","position":1,"name":"Startseite","item":"https:\/\/gapido-pack.at\/"},{"@type":"ListItem","position":2,"name":"Alle produkte","item":"https:\/\/gapido-pack.at\/index.php\/alle-produkte\/"},{"@type":"ListItem","position":3,"name":"R\u00fchrst\u00e4bchen, wei\u00df"}]},{"@type":"WebSite","@id":"https:\/\/gapido-pack.at\/#website","url":"https:\/\/gapido-pack.at\/","name":"Verpackung","description":"Stilvoll verpackt, erfolgreich pr\u00e4sentiert.","publisher":{"@id":"https:\/\/gapido-pack.at\/#organization"},"potentialAction":[{"@type":"SearchAction","target":{"@type":"EntryPoint","urlTemplate":"https:\/\/gapido-pack.at\/?s={search_term_string}"},"query-input":"required name=search_term_string"}],"inLanguage":"de-AT"},{"@type":"Organization","@id":"https:\/\/gapido-pack.at\/#organization","name":"Verpackung","url":"https:\/\/gapido-pack.at\/","logo":{"@type":"ImageObject","inLanguage":"de-AT","@id":"https:\/\/gapido-pack.at\/#\/schema\/logo\/image\/","url":"https:\/\/gapido-pack.at\/wp-content\/uploads\/2023\/05\/Design-ohne-Titel-40.png","contentUrl":"https:\/\/gapido-pack.at\/wp-content\/uploads\/2023\/05\/Design-ohne-Titel-40.png","width":500,"height":500,"caption":"Verpackung"},"image":{"@id":"https:\/\/gapido-pack.at\/#\/schema\/logo\/image\/"}}]}},"_links":{"self":[{"href":"https:\/\/gapido-pack.at\/index.php\/wp-json\/wp\/v3\/product\/5711"}],"collection":[{"href":"https:\/\/gapido-pack.at\/index.php\/wp-json\/wp\/v3\/product"}],"about":[{"href":"https:\/\/gapido-pack.at\/index.php\/wp-json\/wp\/v2\/types\/product"}],"replies":[{"embeddable":true,"href":"https:\/\/gapido-pack.at\/index.php\/wp-json\/wp\/v2\/comments?post=5711"}],"wp:featuredmedia":[{"embeddable":true,"href":"https:\/\/gapido-pack.at\/index.php\/wp-json\/wp\/v2\/media\/5712"}],"wp:attachment":[{"href":"https:\/\/gapido-pack.at\/index.php\/wp-json\/wp\/v2\/media?parent=5711"}],"wp:term":[{"taxonomy":"product_cat","embeddable":true,"href":"https:\/\/gapido-pack.at\/index.php\/wp-json\/wp\/v2\/product_cat?post=5711"},{"taxonomy":"product_tag","embeddable":true,"href":"https:\/\/gapido-pack.at\/index.php\/wp-json\/wp\/v2\/product_tag?post=5711"}],"curies":[{"name":"wp","href":"https:\/\/api.w.org\/{rel}","templated":true}]}}